{"id":325,"date":"2017-03-28T00:29:47","date_gmt":"2017-03-28T05:29:47","guid":{"rendered":"https:\/\/medioseideas.com\/srvsop\/certificaciones\/inspectores-multinacionales\/registro\/inicio-de-registro\/"},"modified":"2023-10-07T07:46:03","modified_gmt":"2023-10-07T12:46:03","slug":"inicio-de-registro","status":"publish","type":"page","link":"https:\/\/srvsop.aero\/en\/certificaciones\/inspectores-multinacionales\/registro\/inicio-de-registro\/","title":{"rendered":"Inicio de Registro"},"content":{"rendered":"\t\t<div data-elementor-type=\"wp-page\" data-elementor-id=\"325\" class=\"elementor elementor-325\" data-elementor-post-type=\"page\">\n\t\t\t\t\t\t<section class=\"elementor-section elementor-top-section elementor-element elementor-element-542c7f21 elementor-section-boxed elementor-section-height-default elementor-section-height-default\" data-id=\"542c7f21\" data-element_type=\"section\">\n\t\t\t\t\t\t<div class=\"elementor-container elementor-column-gap-default\">\n\t\t\t\t\t<div class=\"elementor-column elementor-col-100 elementor-top-column elementor-element elementor-element-6f22988d\" data-id=\"6f22988d\" data-element_type=\"column\">\n\t\t\t<div class=\"elementor-widget-wrap elementor-element-populated\">\n\t\t\t\t\t\t<div class=\"elementor-element elementor-element-2e93a1ef elementor-widget elementor-widget-text-editor\" data-id=\"2e93a1ef\" data-element_type=\"widget\" data-widget_type=\"text-editor.default\">\n\t\t\t\t<div class=\"elementor-widget-container\">\n\t\t\t\t\t\t\t\t\t<p>Los formularios que deben ser llenados son: <\/p><p>1. Solicitud de Registro <a href=\"https:\/\/srvsop.aero\/site\/wp-content\/uploads\/2017\/03\/Form.-SRVSOP-RA-01-Solicitud-1.pdf\" rel=\"noopener\">(SRVSOP-RA1).<\/a><\/p><p>2. Control de inspecciones <a href=\"https:\/\/srvsop.aero\/site\/wp-content\/uploads\/2017\/03\/Form.-SRVSOP-RA-02-Control-de-inspecciones.pdf\">(SRVSOP-RA2).<\/a><\/p><p>3. Control del desarrollo profesional continuo DPCA<a href=\"https:\/\/srvsop.aero\/site\/wp-content\/uploads\/2017\/03\/Form.-SRVSOP-RA-03-ContDesaPer-1.pdf\">\u00a0(SRVSOP-RA3).<\/a><\/p><p>Una vez llenados los formularios se\u00f1alados comunicarse con el Comit\u00e9 T\u00e9cnico SRVSOP para recibir mayor informaci\u00f3n del evento de documentaci\u00f3n:<\/p><p><strong>Correo<\/strong>: icaosam@icao.int<\/p><p><strong>Tel\u00e9fono<\/strong>: (511) 611-8686<\/p><p>La velocidad de la evaluaci\u00f3n de la solicitud depende de la claridad y conformidad de toda la informaci\u00f3n y documentaci\u00f3n requerida en los documentos antes mencionados.<\/p>\t\t\t\t\t\t\t\t<\/div>\n\t\t\t\t<\/div>\n\t\t\t\t\t<\/div>\n\t\t<\/div>\n\t\t\t\t\t<\/div>\n\t\t<\/section>\n\t\t\t\t<\/div>\n\t\t","protected":false},"excerpt":{"rendered":"<p>Los formularios que deben ser llenados son: 1. Solicitud de Registro (SRVSOP-RA1). 2. Control de inspecciones (SRVSOP-RA2). 3. Control del desarrollo profesional continuo DPCA\u00a0(SRVSOP-RA3). Una vez llenados los formularios se\u00f1alados comunicarse con el Comit\u00e9 T\u00e9cnico SRVSOP para recibir mayor informaci\u00f3n del evento de documentaci\u00f3n: Correo: icaosam@icao.int Tel\u00e9fono: (511) 611-8686 La velocidad de la evaluaci\u00f3n de [&hellip;]<\/p>\n","protected":false},"author":1,"featured_media":0,"parent":297,"menu_order":0,"comment_status":"closed","ping_status":"closed","template":"page-registro-tmpl.php","meta":{"_acf_changed":false,"footnotes":""},"class_list":["post-325","page","type-page","status-publish","hentry"],"translation":{"provider":"WPGlobus","version":"2.12.2","language":"en","enabled_languages":["es","en"],"languages":{"es":{"title":true,"content":true,"excerpt":false},"en":{"title":false,"content":false,"excerpt":false}}},"acf":[],"_links":{"self":[{"href":"https:\/\/srvsop.aero\/en\/wp-json\/wp\/v2\/pages\/325","targetHints":{"allow":["GET"]}}],"collection":[{"href":"https:\/\/srvsop.aero\/en\/wp-json\/wp\/v2\/pages"}],"about":[{"href":"https:\/\/srvsop.aero\/en\/wp-json\/wp\/v2\/types\/page"}],"author":[{"embeddable":true,"href":"https:\/\/srvsop.aero\/en\/wp-json\/wp\/v2\/users\/1"}],"replies":[{"embeddable":true,"href":"https:\/\/srvsop.aero\/en\/wp-json\/wp\/v2\/comments?post=325"}],"version-history":[{"count":17,"href":"https:\/\/srvsop.aero\/en\/wp-json\/wp\/v2\/pages\/325\/revisions"}],"predecessor-version":[{"id":18540,"href":"https:\/\/srvsop.aero\/en\/wp-json\/wp\/v2\/pages\/325\/revisions\/18540"}],"up":[{"embeddable":true,"href":"https:\/\/srvsop.aero\/en\/wp-json\/wp\/v2\/pages\/297"}],"wp:attachment":[{"href":"https:\/\/srvsop.aero\/en\/wp-json\/wp\/v2\/media?parent=325"}],"curies":[{"name":"wp","href":"https:\/\/api.w.org\/{rel}","templated":true}]}}