{"id":12,"date":"2017-02-22T20:44:51","date_gmt":"2017-02-23T01:44:51","guid":{"rendered":"http:\/\/localhost\/srvsop\/?page_id=12"},"modified":"2020-09-24T10:57:14","modified_gmt":"2020-09-24T15:57:14","slug":"quienes-somos","status":"publish","type":"page","link":"https:\/\/srvsop.aero\/en\/quienes-somos\/","title":{"rendered":"\u00bfQui\u00e9nes somos?"},"content":{"rendered":"<p>El Sistema Regional de Cooperaci\u00f3n para la Vigilancia de la Seguridad Operacional (SRVSOP) es una organizaci\u00f3n regional para la vigilancia de la seguridad operacional (RSOO) establecida en 1998 mediante la firma de un memorando de entendimiento entre la OACI y la Comisi\u00f3n Latinoamericana de Aviaci\u00f3n Civil (CLAC), que inicia sus operaciones en el a\u00f1o 2002.<\/p>\n<p>La misi\u00f3n del Sistema Regional es optimizar los niveles de seguridad operacional de la aviaci\u00f3n civil en la Regi\u00f3n, proporcionando asesor\u00eda y asistencia con miras a superar los problemas de los Estados con dificultades para el cumplimiento de sus responsabilidades con la vigilancia de la seguridad operacional, as\u00ed como contribuir, en estrecha coordinaci\u00f3n con la OACI, para la armonizaci\u00f3n y actualizaci\u00f3n de reglamentos y procedimientos de seguridad operacional para la aviaci\u00f3n civil entre sus Estados participantes.<\/p>\n","protected":false},"excerpt":{"rendered":"<p>El Sistema Regional de Cooperaci\u00f3n para la Vigilancia de la Seguridad Operacional (SRVSOP) es una organizaci\u00f3n regional para la vigilancia de la seguridad operacional (RSOO) establecida en 1998 mediante la firma de un memorando de entendimiento entre la OACI y la Comisi\u00f3n Latinoamericana de Aviaci\u00f3n Civil (CLAC), que inicia sus operaciones en el a\u00f1o 2002. [&hellip;]<\/p>\n","protected":false},"author":1,"featured_media":0,"parent":0,"menu_order":3,"comment_status":"closed","ping_status":"closed","template":"","meta":{"_acf_changed":false,"footnotes":""},"class_list":["post-12","page","type-page","status-publish","hentry"],"translation":{"provider":"WPGlobus","version":"2.12.2","language":"en","enabled_languages":["es","en"],"languages":{"es":{"title":true,"content":true,"excerpt":false},"en":{"title":false,"content":false,"excerpt":false}}},"acf":[],"_links":{"self":[{"href":"https:\/\/srvsop.aero\/en\/wp-json\/wp\/v2\/pages\/12","targetHints":{"allow":["GET"]}}],"collection":[{"href":"https:\/\/srvsop.aero\/en\/wp-json\/wp\/v2\/pages"}],"about":[{"href":"https:\/\/srvsop.aero\/en\/wp-json\/wp\/v2\/types\/page"}],"author":[{"embeddable":true,"href":"https:\/\/srvsop.aero\/en\/wp-json\/wp\/v2\/users\/1"}],"replies":[{"embeddable":true,"href":"https:\/\/srvsop.aero\/en\/wp-json\/wp\/v2\/comments?post=12"}],"version-history":[{"count":5,"href":"https:\/\/srvsop.aero\/en\/wp-json\/wp\/v2\/pages\/12\/revisions"}],"predecessor-version":[{"id":13883,"href":"https:\/\/srvsop.aero\/en\/wp-json\/wp\/v2\/pages\/12\/revisions\/13883"}],"wp:attachment":[{"href":"https:\/\/srvsop.aero\/en\/wp-json\/wp\/v2\/media?parent=12"}],"curies":[{"name":"wp","href":"https:\/\/api.w.org\/{rel}","templated":true}]}}